{"id":2236,"date":"2025-04-18T13:33:25","date_gmt":"2025-04-18T11:33:25","guid":{"rendered":"https:\/\/op-int-21.fr\/formulaire-rendez-vous\/?page_id=2236"},"modified":"2025-05-16T12:30:15","modified_gmt":"2025-05-16T10:30:15","slug":"presentation-de-saison-25-26","status":"publish","type":"page","link":"https:\/\/op-int-21.fr\/formulaire-rendez-vous\/presentation-de-saison-25-26\/","title":{"rendered":"Pr\u00e9sentation de saison 25\/26"},"content":{"rendered":"\t\t<div data-elementor-type=\"wp-page\" data-elementor-id=\"2236\" class=\"elementor elementor-2236\">\n\t\t\t\t\t\t<section class=\"elementor-section elementor-top-section elementor-element elementor-element-42d23705 elementor-section-boxed elementor-section-height-default elementor-section-height-default\" data-id=\"42d23705\" data-element_type=\"section\" data-e-type=\"section\">\n\t\t\t\t\t\t<div class=\"elementor-container elementor-column-gap-default\">\n\t\t\t\t\t<div class=\"elementor-column elementor-col-33 elementor-top-column elementor-element elementor-element-4960ef74\" data-id=\"4960ef74\" data-element_type=\"column\" data-e-type=\"column\">\n\t\t\t<div class=\"elementor-widget-wrap\">\n\t\t\t\t\t\t\t<\/div>\n\t\t<\/div>\n\t\t\t\t<div class=\"elementor-column elementor-col-33 elementor-top-column elementor-element elementor-element-4216331c\" data-id=\"4216331c\" data-element_type=\"column\" data-e-type=\"column\">\n\t\t\t<div class=\"elementor-widget-wrap elementor-element-populated\">\n\t\t\t\t\t\t<div class=\"elementor-element elementor-element-6b940610 elementor-widget__width-initial elementor-widget elementor-widget-image\" data-id=\"6b940610\" data-element_type=\"widget\" data-e-type=\"widget\" data-widget_type=\"image.default\">\n\t\t\t\t<div class=\"elementor-widget-container\">\n\t\t\t\t\t\t\t\t\t\t\t\t\t\t\t<img fetchpriority=\"high\" decoding=\"async\" width=\"1024\" height=\"737\" src=\"https:\/\/op-int-21.fr\/formulaire-rendez-vous\/wp-content\/uploads\/2021\/09\/OD_OPERA_DIJON_Logo_2021_05_signe_Noir-1024x737.jpg\" class=\"attachment-large size-large wp-image-941\" alt=\"\" srcset=\"https:\/\/op-int-21.fr\/formulaire-rendez-vous\/wp-content\/uploads\/2021\/09\/OD_OPERA_DIJON_Logo_2021_05_signe_Noir-1024x737.jpg 1024w, https:\/\/op-int-21.fr\/formulaire-rendez-vous\/wp-content\/uploads\/2021\/09\/OD_OPERA_DIJON_Logo_2021_05_signe_Noir-300x216.jpg 300w, https:\/\/op-int-21.fr\/formulaire-rendez-vous\/wp-content\/uploads\/2021\/09\/OD_OPERA_DIJON_Logo_2021_05_signe_Noir-768x552.jpg 768w, https:\/\/op-int-21.fr\/formulaire-rendez-vous\/wp-content\/uploads\/2021\/09\/OD_OPERA_DIJON_Logo_2021_05_signe_Noir.jpg 1265w\" sizes=\"(max-width: 1024px) 100vw, 1024px\" \/>\t\t\t\t\t\t\t\t\t\t\t\t\t\t\t<\/div>\n\t\t\t\t<\/div>\n\t\t\t\t\t<\/div>\n\t\t<\/div>\n\t\t\t\t<div class=\"elementor-column elementor-col-33 elementor-top-column elementor-element elementor-element-36566f39\" data-id=\"36566f39\" data-element_type=\"column\" data-e-type=\"column\">\n\t\t\t<div class=\"elementor-widget-wrap\">\n\t\t\t\t\t\t\t<\/div>\n\t\t<\/div>\n\t\t\t\t\t<\/div>\n\t\t<\/section>\n\t\t\t\t<section class=\"elementor-section elementor-top-section elementor-element elementor-element-3cf04338 elementor-section-boxed elementor-section-height-default elementor-section-height-default\" data-id=\"3cf04338\" data-element_type=\"section\" data-e-type=\"section\">\n\t\t\t\t\t\t<div class=\"elementor-container elementor-column-gap-default\">\n\t\t\t\t\t<div class=\"elementor-column elementor-col-100 elementor-top-column elementor-element elementor-element-7f15ecf7\" data-id=\"7f15ecf7\" data-element_type=\"column\" data-e-type=\"column\">\n\t\t\t<div class=\"elementor-widget-wrap\">\n\t\t\t\t\t\t\t<\/div>\n\t\t<\/div>\n\t\t\t\t\t<\/div>\n\t\t<\/section>\n\t\t\t\t<section class=\"elementor-section elementor-top-section elementor-element elementor-element-6da8ed30 elementor-section-boxed elementor-section-height-default elementor-section-height-default\" data-id=\"6da8ed30\" data-element_type=\"section\" data-e-type=\"section\">\n\t\t\t\t\t\t<div class=\"elementor-container elementor-column-gap-default\">\n\t\t\t\t\t<div class=\"elementor-column elementor-col-100 elementor-top-column elementor-element elementor-element-42df7302\" data-id=\"42df7302\" data-element_type=\"column\" data-e-type=\"column\">\n\t\t\t<div class=\"elementor-widget-wrap elementor-element-populated\">\n\t\t\t\t\t\t<div class=\"elementor-element elementor-element-2b7b71ee elementor-widget elementor-widget-heading\" data-id=\"2b7b71ee\" data-element_type=\"widget\" data-e-type=\"widget\" data-widget_type=\"heading.default\">\n\t\t\t\t<div class=\"elementor-widget-container\">\n\t\t\t\t\t<h2 class=\"elementor-heading-title elementor-size-default\">Pr\u00e9sentation de saison 25\/26<\/h2>\t\t\t\t<\/div>\n\t\t\t\t<\/div>\n\t\t\t\t<div class=\"elementor-element elementor-element-dfbaffc elementor-widget elementor-widget-text-editor\" data-id=\"dfbaffc\" data-element_type=\"widget\" data-e-type=\"widget\" data-widget_type=\"text-editor.default\">\n\t\t\t\t<div class=\"elementor-widget-container\">\n\t\t\t\t\t\t\t\t\t<p><br \/>Chers spectateurs, ch\u00e8res spectatrices,\u00a0<\/p><p>Nous vous remercions chaleureusement pour l\u2019int\u00e9r\u00eat que vous portez \u00e0 la programmation de l\u2019Op\u00e9ra.\u00a0<br \/>Les inscriptions pour la pr\u00e9sentation de saison sont d\u00e9sormais compl\u00e8tes.\u00a0<br \/>Nous serons ravis de vous retrouver bient\u00f4t pour inaugurer cette nouvelle saison.<br \/><br \/>La saison sera d\u00e9voil\u00e9e en ligne \u00e0 partir du lundi 19 mai \u00e0 20h.<br \/>Et nous vous donnons rendez-vous :<\/p><ul><li>vendredi 23 mai d\u00e8s 10h pour l\u2019ouverture des abonnements<\/li><li>vendredi 6 juin d\u00e8s 11h pour l\u2019ouverture des ventes individuelles.<\/li><\/ul><p>A bient\u00f4t\u00a0!<\/p><p><strong>\u00a0<\/strong><\/p>\t\t\t\t\t\t\t\t<\/div>\n\t\t\t\t<\/div>\n\t\t\t\t\t<\/div>\n\t\t<\/div>\n\t\t\t\t\t<\/div>\n\t\t<\/section>\n\t\t\t\t<section class=\"elementor-section elementor-top-section elementor-element elementor-element-67f09ac0 elementor-section-boxed elementor-section-height-default elementor-section-height-default\" data-id=\"67f09ac0\" data-element_type=\"section\" data-e-type=\"section\">\n\t\t\t\t\t\t<div class=\"elementor-container elementor-column-gap-default\">\n\t\t\t\t\t<div class=\"elementor-column elementor-col-100 elementor-top-column elementor-element elementor-element-40ac8f09\" data-id=\"40ac8f09\" data-element_type=\"column\" data-e-type=\"column\">\n\t\t\t<div class=\"elementor-widget-wrap\">\n\t\t\t\t\t\t\t<\/div>\n\t\t<\/div>\n\t\t\t\t\t<\/div>\n\t\t<\/section>\n\t\t\t\t<\/div>\n\t\t","protected":false},"excerpt":{"rendered":"<p>Pr\u00e9sentation de saison 25\/26 Chers spectateurs, ch\u00e8res spectatrices,\u00a0 Nous vous remercions chaleureusement pour l\u2019int\u00e9r\u00eat que vous portez \u00e0 la programmation de l\u2019Op\u00e9ra.\u00a0Les inscriptions pour la pr\u00e9sentation de saison sont d\u00e9sormais compl\u00e8tes.\u00a0Nous serons ravis de vous retrouver bient\u00f4t pour inaugurer cette nouvelle saison. La saison sera d\u00e9voil\u00e9e en ligne \u00e0 partir du lundi 19 mai \u00e0 [&hellip;]<\/p>\n","protected":false},"author":1,"featured_media":0,"parent":0,"menu_order":0,"comment_status":"closed","ping_status":"closed","template":"elementor_header_footer","meta":{"site-sidebar-layout":"no-sidebar","site-content-layout":"page-builder","ast-site-content-layout":"default","site-content-style":"default","site-sidebar-style":"default","ast-global-header-display":"","ast-banner-title-visibility":"","ast-main-header-display":"","ast-hfb-above-header-display":"","ast-hfb-below-header-display":"","ast-hfb-mobile-header-display":"","site-post-title":"disabled","ast-breadcrumbs-content":"","ast-featured-img":"disabled","footer-sml-layout":"","theme-transparent-header-meta":"default","adv-header-id-meta":"","stick-header-meta":"","header-above-stick-meta":"","header-main-stick-meta":"","header-below-stick-meta":"","astra-migrate-meta-layouts":"default","ast-page-background-enabled":"default","ast-page-background-meta":{"desktop":{"background-color":"var(--ast-global-color-4)","background-image":"","background-repeat":"repeat","background-position":"center center","background-size":"auto","background-attachment":"scroll","background-type":"","background-media":"","overlay-type":"","overlay-color":"","overlay-opacity":"","overlay-gradient":""},"tablet":{"background-color":"","background-image":"","background-repeat":"repeat","background-position":"center center","background-size":"auto","background-attachment":"scroll","background-type":"","background-media":"","overlay-type":"","overlay-color":"","overlay-opacity":"","overlay-gradient":""},"mobile":{"background-color":"","background-image":"","background-repeat":"repeat","background-position":"center center","background-size":"auto","background-attachment":"scroll","background-type":"","background-media":"","overlay-type":"","overlay-color":"","overlay-opacity":"","overlay-gradient":""}},"ast-content-background-meta":{"desktop":{"background-color":"var(--ast-global-color-5)","background-image":"","background-repeat":"repeat","background-position":"center center","background-size":"auto","background-attachment":"scroll","background-type":"","background-media":"","overlay-type":"","overlay-color":"","overlay-opacity":"","overlay-gradient":""},"tablet":{"background-color":"var(--ast-global-color-5)","background-image":"","background-repeat":"repeat","background-position":"center center","background-size":"auto","background-attachment":"scroll","background-type":"","background-media":"","overlay-type":"","overlay-color":"","overlay-opacity":"","overlay-gradient":""},"mobile":{"background-color":"var(--ast-global-color-5)","background-image":"","background-repeat":"repeat","background-position":"center center","background-size":"auto","background-attachment":"scroll","background-type":"","background-media":"","overlay-type":"","overlay-color":"","overlay-opacity":"","overlay-gradient":""}},"footnotes":""},"class_list":["post-2236","page","type-page","status-publish","hentry"],"_links":{"self":[{"href":"https:\/\/op-int-21.fr\/formulaire-rendez-vous\/wp-json\/wp\/v2\/pages\/2236","targetHints":{"allow":["GET"]}}],"collection":[{"href":"https:\/\/op-int-21.fr\/formulaire-rendez-vous\/wp-json\/wp\/v2\/pages"}],"about":[{"href":"https:\/\/op-int-21.fr\/formulaire-rendez-vous\/wp-json\/wp\/v2\/types\/page"}],"author":[{"embeddable":true,"href":"https:\/\/op-int-21.fr\/formulaire-rendez-vous\/wp-json\/wp\/v2\/users\/1"}],"replies":[{"embeddable":true,"href":"https:\/\/op-int-21.fr\/formulaire-rendez-vous\/wp-json\/wp\/v2\/comments?post=2236"}],"version-history":[{"count":47,"href":"https:\/\/op-int-21.fr\/formulaire-rendez-vous\/wp-json\/wp\/v2\/pages\/2236\/revisions"}],"predecessor-version":[{"id":2359,"href":"https:\/\/op-int-21.fr\/formulaire-rendez-vous\/wp-json\/wp\/v2\/pages\/2236\/revisions\/2359"}],"wp:attachment":[{"href":"https:\/\/op-int-21.fr\/formulaire-rendez-vous\/wp-json\/wp\/v2\/media?parent=2236"}],"curies":[{"name":"wp","href":"https:\/\/api.w.org\/{rel}","templated":true}]}}