{"id":10,"date":"2024-12-11T14:17:47","date_gmt":"2024-12-11T13:17:47","guid":{"rendered":"https:\/\/op-int-21.fr\/relations-publiques\/?page_id=10"},"modified":"2024-12-13T15:21:04","modified_gmt":"2024-12-13T14:21:04","slug":"inscription-escape-game","status":"publish","type":"page","link":"https:\/\/op-int-21.fr\/relations-publiques\/","title":{"rendered":"Inscription Escape Game"},"content":{"rendered":"\t\t<div data-elementor-type=\"wp-page\" data-elementor-id=\"10\" class=\"elementor elementor-10\">\n\t\t\t\t\t\t<section class=\"elementor-section elementor-top-section elementor-element elementor-element-6cd3ce77 elementor-section-boxed elementor-section-height-default elementor-section-height-default\" data-id=\"6cd3ce77\" data-element_type=\"section\">\n\t\t\t\t\t\t<div class=\"elementor-container elementor-column-gap-default\">\n\t\t\t\t\t<div class=\"elementor-column elementor-col-100 elementor-top-column elementor-element elementor-element-559eee95\" data-id=\"559eee95\" data-element_type=\"column\">\n\t\t\t<div class=\"elementor-widget-wrap elementor-element-populated\">\n\t\t\t\t\t\t<div class=\"elementor-element elementor-element-17e16412 elementor-invisible elementor-widget elementor-widget-heading\" data-id=\"17e16412\" data-element_type=\"widget\" data-settings=\"{&quot;_animation&quot;:&quot;slideInRight&quot;}\" data-widget_type=\"heading.default\">\n\t\t\t\t<div class=\"elementor-widget-container\">\n\t\t\t<h2 class=\"elementor-heading-title elementor-size-default\">Murder party \u00e0 l\u2019Op\u00e9ra de Dijon<\/h2>\t\t<\/div>\n\t\t\t\t<\/div>\n\t\t\t\t<div class=\"elementor-element elementor-element-6db434da elementor-widget elementor-widget-heading\" data-id=\"6db434da\" data-element_type=\"widget\" data-widget_type=\"heading.default\">\n\t\t\t\t<div class=\"elementor-widget-container\">\n\t\t\t<h2 class=\"elementor-heading-title elementor-size-default\">P\u00e9n\u00e9trez dans le ch\u00e2teau de Barbe-Bleue,<br>jeudi 19 d\u00e9cembre en nocturne !<\/h2>\t\t<\/div>\n\t\t\t\t<\/div>\n\t\t\t\t<div class=\"elementor-element elementor-element-4ecf7339 elementor-widget-divider--view-line elementor-widget elementor-widget-divider\" data-id=\"4ecf7339\" data-element_type=\"widget\" data-widget_type=\"divider.default\">\n\t\t\t\t<div class=\"elementor-widget-container\">\n\t\t\t\t\t<div class=\"elementor-divider\">\n\t\t\t<span class=\"elementor-divider-separator\">\n\t\t\t\t\t\t<\/span>\n\t\t<\/div>\n\t\t\t\t<\/div>\n\t\t\t\t<\/div>\n\t\t\t\t<div class=\"elementor-element elementor-element-32c4617d elementor-widget elementor-widget-text-editor\" data-id=\"32c4617d\" data-element_type=\"widget\" data-widget_type=\"text-editor.default\">\n\t\t\t\t<div class=\"elementor-widget-container\">\n\t\t\t\t\t\t\t<h2 style=\"text-align: center;\">Participez \u00e0 cette enqu\u00eate immersive autour de l&rsquo;op\u00e9ra <em>Le Ch\u00e2teau de Barbe-Bleue <\/em>de B\u00e9la Bart\u00f3k (interpr\u00e9t\u00e9 les 11 et 12 janvier 2025).<\/h2>\t\t\t\t\t\t<\/div>\n\t\t\t\t<\/div>\n\t\t\t\t<div class=\"elementor-element elementor-element-6ef39f1d elementor-widget-divider--view-line elementor-widget elementor-widget-divider\" data-id=\"6ef39f1d\" data-element_type=\"widget\" data-widget_type=\"divider.default\">\n\t\t\t\t<div class=\"elementor-widget-container\">\n\t\t\t\t\t<div class=\"elementor-divider\">\n\t\t\t<span class=\"elementor-divider-separator\">\n\t\t\t\t\t\t<\/span>\n\t\t<\/div>\n\t\t\t\t<\/div>\n\t\t\t\t<\/div>\n\t\t\t\t\t<\/div>\n\t\t<\/div>\n\t\t\t\t\t<\/div>\n\t\t<\/section>\n\t\t\t\t<section class=\"elementor-section elementor-top-section elementor-element elementor-element-4723525 elementor-section-boxed elementor-section-height-default elementor-section-height-default\" data-id=\"4723525\" data-element_type=\"section\">\n\t\t\t\t\t\t<div class=\"elementor-container elementor-column-gap-default\">\n\t\t\t\t\t<div class=\"elementor-column elementor-col-100 elementor-top-column elementor-element elementor-element-e9e0229\" data-id=\"e9e0229\" data-element_type=\"column\">\n\t\t\t<div class=\"elementor-widget-wrap elementor-element-populated\">\n\t\t\t\t\t\t<div class=\"elementor-element elementor-element-3b703583 elementor-widget__width-initial elementor-widget elementor-widget-text-editor\" data-id=\"3b703583\" data-element_type=\"widget\" data-widget_type=\"text-editor.default\">\n\t\t\t\t<div class=\"elementor-widget-container\">\n\t\t\t\t\t\t\t<p>En parcourant l\u2019Auditorium de l\u2019Op\u00e9ra de Dijon, accompagn\u00e9s de Judith, derni\u00e8re \u00e9pouse en vie de Barbe-Bleue, poussez les sept portes du ch\u00e2teau afin de percer tous ses secrets gr\u00e2ce \u00e0 vos talents de d\u00e9duction et de coop\u00e9ration.<\/p><ul><li>Jeu en \u00e9quipe de 3 \u00e0 7 joueurs.<\/li><li>Gratuit, sur inscription \u00e0 partir de 1 joueur.<\/li><li>De 17h30 \u00e0 20h30 (derni\u00e8re session) &#8211; dur\u00e9e 1h<\/li><li>\u00c0 l\u2019Auditorium (entr\u00e9e Clos Verdun \u2013 en face de la billetterie \u2013 boulevard de Verdun).<\/li><li>\u00c0 partir de 15 ans.<\/li><\/ul><p><strong>Pr\u00e9sentez-vous 15 minutes avant votre session.<\/strong><\/p><p>Si vous souhaitez vous inscrire, veuillez remplir le formulaire ci-dessous.<\/p><p><strong>Si la case du 19 d\u00e9cembre n\u2019est plus cliquable, nous vous invitons \u00e0 revenir lundi 16 d\u00e9cembre pour vous inscrire (des places pourraient se lib\u00e9rer).<\/strong><\/p>\t\t\t\t\t\t<\/div>\n\t\t\t\t<\/div>\n\t\t\t\t\t<\/div>\n\t\t<\/div>\n\t\t\t\t\t<\/div>\n\t\t<\/section>\n\t\t<div class=\"elementor-element elementor-element-31b63fa e-flex e-con-boxed e-con e-parent\" data-id=\"31b63fa\" data-element_type=\"container\">\n\t\t\t\t\t<div class=\"e-con-inner\">\n\t\t\t\t<div class=\"elementor-element elementor-element-7498d92 elementor-widget elementor-widget-shortcode\" data-id=\"7498d92\" data-element_type=\"widget\" data-widget_type=\"shortcode.default\">\n\t\t\t\t<div class=\"elementor-widget-container\">\n\t\t\t\t\t<div class=\"elementor-shortcode\"><div id=\"booking-package-locale-fr_FR\" class=\"start_booking_package\" data-ID=\"3\"><div id=\"booking_package_json_format_error_panel\" class=\"hidden_panel\"><p><\/p><p><\/p><\/div><div id=\"booking_package_nonce_error_panel\" class=\"booking_package_nonce_error hidden_panel\"><p>The AJAX failed or the nonce verification failed.  If you encounter this error repeatedly, it is possible that access is being blocked by a security-related plugin. Please try changing the values of \"<b>Select the URL for AJAX on the public page<\/b>\" and \"<b>Select a function to validate the value of a nonce with AJAX on the public page<\/b>\" in Booking Package > General Settings.<\/p><\/div><div id=\"booking-package-id-3\" class=\"\"><div id=\"booking-package-memberActionPanel\" class=\"hidden_panel\"><div class=\"userTopButtonPanel\"><label class=\"displayName\"><\/label><div id=\"booking-package-register\" class=\"register\">Create account<\/div><div id=\"booking-package-login\" class=\"login\">Sign in<\/div><div id=\"booking-package-logout\" class=\"logout hidden_panel\">Sign out<\/div><div id=\"booking-package-edit\" class=\"edit\">Edit My Profile<\/div><div id=\"booking-package-bookedHistory\" class=\"edit\">Booking history<\/div><div id=\"booking-package-subscribed\" class=\"edit\">Subscribed items<\/div><\/div><form name=\"booking-package-loginform\" id=\"booking-package-loginform\" action=\"https:\/\/op-int-21.fr\/relations-publiques\/wp-login.php\" method=\"post\"><p class=\"login-username\">\n\t\t\t\t<label for=\"user_login\">Identifiant ou adresse e-mail<\/label>\n\t\t\t\t<input type=\"text\" name=\"log\" id=\"user_login\" autocomplete=\"username\" class=\"input\" value=\"\" size=\"20\" \/>\n\t\t\t<\/p><p class=\"login-password\">\n\t\t\t\t<label for=\"user_pass\">Mot de passe<\/label>\n\t\t\t\t<input type=\"password\" name=\"pwd\" id=\"user_pass\" autocomplete=\"current-password\" spellcheck=\"false\" class=\"input\" value=\"\" size=\"20\" \/>\n\t\t\t<\/p><p class=\"login-remember\"><label><input name=\"rememberme\" type=\"checkbox\" id=\"rememberme\" value=\"forever\" \/> Se souvenir de moi<\/label><\/p><p class=\"login-submit\">\n\t\t\t\t<input type=\"submit\" name=\"wp-submit\" id=\"wp-submit\" class=\"button button-primary\" value=\"Se connecter\" \/>\n\t\t\t\t<input type=\"hidden\" name=\"redirect_to\" value=\"https:\/\/op-int-21.fr\/relations-publiques\/\" \/>\n\t\t\t<\/p><\/form>\n    <div id=\"booking-package-user-form\" class=\"hidden_panel\">\n        <div>\n            <div class=\"titlePanel\">\n                <div class=\"title\">Sign up<\/div>\n                <div id=\"booking-package-register_user_return_button\" class=\"material-icons closeButton\" style=\"font-family: 'Material Icons' !important;\">close<\/div>\n            <\/div>\n            <div class=\"inputPanel\">\n                <div>\n                    <label>Username<\/label>\n                    <input type=\"text\" name=\"booking-package-user_login\" id=\"booking-package-user_login\" class=\"input\" value=\"\" size=\"20\">\n                <\/div>\n                <div>\n                    <label>Email<\/label>\n                    <input type=\"text\" name=\"booking-package-user_email\" id=\"booking-package-user_email\" class=\"input\" value=\"\" size=\"20\">\n                <\/div>\n                <div>\n                    <label>Password<\/label>\n                    <input type=\"password\" name=\"booking-package-user_pass\" id=\"booking-package-user_pass\" class=\"input\" value=\"\" size=\"20\">\n                <\/div>\n                <div id=\"booking-package-user_regist_message\"><\/div>\n                <div id=\"booking-package-user_regist_error_message\" class=\"login_error hidden_panel\"><\/div>\n            <\/div>\n            <button id=\"booking-package-register_user_button\" class=\"register_button\">Register<\/button>\n            <!-- <button id=\"booking-package-register_user_return_button\" class=\"hidden_panel return_button\">Return<\/button> -->\n        <\/div>\n    <\/div>\n    \n    <div id=\"booking-package-user-edit-form\" class=\"hidden_panel\">\n        <div>\n            <div class=\"titlePanel\">\n                <div class=\"title\">Profile<\/div>\n                <div id=\"booking-package-edit_user_return_button\" class=\"material-icons closeButton\" style=\"font-family: 'Material Icons' !important\">close<\/div>\n            <\/div>\n            <div id=\"booking-package-tabFrame\" class=\"tabFrame hidden_panel\">\n                <div class=\"menuList hidden_panel\">\n                    <div id=\"booking-package-user_profile_tab\" class=\"menuItem active\">Profile<\/div>\n                    <div id=\"booking-package-user_subscribed_tab\" class=\"menuItem\">Subscribed items<\/div>\n                <\/div>\n            <\/div>\n            <div id=\"booking-package-user-profile\" class=\"inputPanel\">\n                <div>\n                    <label>Username<\/label>\n                    <input type=\"text\" name=\"booking-package-user_edit_login\" id=\"booking-package-user_edit_login\" class=\"input\" value=\"\" size=\"20\" disabled>\n                <\/div>\n                <div>\n                    <label>Email<\/label>\n                    <input type=\"text\" name=\"booking-package-user_edit_email\" id=\"booking-package-user_edit_email\" class=\"input\" value=\"\" size=\"20\">\n                <\/div>\n                <div id=\"booking-package-user_status_field\">\n                    <label>Status<\/label>\n                    <label>\n                        <input type=\"checkbox\" name=\"booking-package-user_edit_status\" id=\"booking-package-user_edit_status\" class=\"\" value=\"1\">\n                        Approved\n                    <\/label>\n                <\/div>\n                <div id=\"booking-package-edit_password_filed\">\n                    <label>Password<\/label>\n                    <button id=\"booking-package-user_edit_change_password_button\" class=\"change_user_password_button\">Change password<\/button>\n                    <input type=\"password\" name=\"booking-package-user_edit_pass\" id=\"booking-package-user_edit_pass\" class=\"input hidden_panel\" value=\"\" size=\"20\">\n                <\/div>\n            <\/div>\n            <div id=\"booking-package-user-subscribed\" class=\"inputPanel hidden_panel\">\n                <table>\n                    <tbody id=\"booking-package-user_subscribed_tbody\"><\/tbody>\n                <\/table>\n            <\/div>\n            <div>\n                <button id=\"booking-package-edit_user_button\" class=\"update_user_button\">Update Profile<\/button>\n                <button id=\"booking-package-edit_user_delete_button\" class=\"delete_user_button\">Delete<\/button>\n                <!-- <button id=\"booking-package-edit_user_return_button\" class=\"hidden_panel return_button\">Return<\/button> -->\n                \n            <\/div>\n        <\/div>\n    <\/div>\n    <input type=\"hidden\" id=\"booking-package-permalink\" value=\"https:\/\/op-int-21.fr\/relations-publiques\/\">\n            <\/div><script type=\"text\/javascript\">\nvar booking_package_subscriptions = {\"status\":0};\n<\/script>\n    <div id=\"booking-package_myBookingHistory\" class=\"hidden_panel\">\n        <div class=\"titlePanel\">\n            <div class=\"title\">Booking history<\/div>\n            <div id=\"booking-package-bookingHistory_close_button\" class=\"material-icons closeButton\" style=\"font-family: 'Material Icons' !important;\">close<\/div>\n        <\/div>\n        <div>\n            <table id=\"booking-package_myBookingHistoryTable\">\n                <tr data-head=\"th\">\n                    <th>ID<\/th>\n                    <th>S\u00e9ance s\u00e9lectionn\u00e9<\/th>\n                    <th>Calendrier<\/th>\n                    <th>Status<\/th>\n                <\/tr>\n            <\/table>\n        <\/div>\n        <div class=\"buttonPanel\">\n            \n            <button id=\"booking-package-bookingHistory_returnButton\" class=\"material-icons left_arrow_button\" style=\"font-family: 'Material Icons' !important;\">navigate_before<\/button>\n            <button id=\"booking-package-bookingHistory_nextButton\" class=\"material-icons right_arrow_button\" style=\"font-family: 'Material Icons' !important;\">navigate_next<\/button>\n            \n        <\/div>\n    <\/div>\n    <div id=\"booking-package_myBookingDetails\" class=\"hidden_panel\">\n        <div class=\"titlePanel\">\n            <div class=\"title\">Booking details<\/div>\n            <div id=\"booking-package-myBookingDetails_close_button\" class=\"material-icons closeButton\" style=\"font-family: 'Material Icons' !important;\">close<\/div>\n        <\/div>\n        <div id=\"booking-package_myBookingDetails_panel\">\n            \n        <\/div>\n        <div class=\"buttonPanel\">\n            \n            <button id=\"booking-package-myBookingDetails_returnButton\" class=\"returnButton\">Retour<\/button>\n            <button id=\"booking-package-cancelThisBooking\" class=\"cancel_user_booking_button\">Cancel booking<\/button>\n            \n        <\/div>\n    <\/div>\n    <div id=\"booking-package_myBookingDetailsFroVisitor\" class=\"hidden_panel\">\n        <div class=\"titlePanel\">\n            <div class=\"title selectedDate\">Booking details<\/div>\n        <\/div>\n        <div class=\"buttonPanel\">\n            <div id=\"myPersonalDetails\" class=\"myPersonalDetails row\" style=\"border-width: 0;\"><\/div>\n            <!--\n            <button class=\"returnButton\">Return to calendar<\/button>\n            <button class=\"cancelButton\">Cancel booking<\/button>\n            -->\n        <\/div>\n    <\/div>\n<div id=\"booking-package\" class=\"booking-package\">\t<div id=\"booking_package_navigationPage\" class=\"navigationPage\">\t\t<div id=\"booking_package_schedulesPostPage\" class=\"hidden_panel\"><\/div>\t\t<div id=\"booking_package_calendarPostPage\" class=\"hidden_panel\"><\/div>\t\t<div id=\"booking_package_servicesPostPage\" class=\"hidden_panel\"><\/div>\t\t<div id=\"booking_package_visitorDetailsPostPage\" class=\"hidden_panel\"><\/div>\t\t<div id=\"booking_package_confirmPostPage\" class=\"hidden_panel\"><\/div>\t\t<div id=\"booking_package_thanksPostPage\" class=\"hidden_panel\"><\/div>\t<\/div><div id=\"booking-package_servicePage\" class=\"hidden_panel\"><div id=\"booking-package_serviceTitle\" class=\"title borderColor\">Please select a service<\/div><div class=\"list borderColor\"><\/div><\/div><div id=\"booking-package_serviceDetails\" class=\"hidden_panel\"><div class=\"title borderColor\">Service details<\/div><div class=\"list borderColor\"><\/div><\/div><div id=\"\"><\/div>\t<div id=\"booking-package_calendarPage\" class=\"\"><\/div>\t<div id=\"booking-package_durationStay\" class=\"hidden_panel\"><\/div>\t<div id=\"booking-package_schedulePage\" class=\"hidden_panel\">\t\t<div id=\"topPanel\"><\/div>\t\t<div id=\"daysListPanel\"><\/div>\t\t<div id=\"courseMainPanel\"><\/div>\t\t<div id=\"optionsMainPanel\"><\/div>\t\t<div id=\"scheduleMainPanel\"><\/div>\t\t<div id=\"blockPanel\"><\/div>\t\t<div id=\"bottomPanel\">\t\t\t<button id=\"returnToCalendarButton\" class=\"return_button\">Retour<\/button>\t\t\t<button id=\"returnToDayListButton\" class=\"return_button hidden_panel\">Retour<\/button>\t\t\t<button id=\"previous_available_day_button\" class=\"hidden_panel\"><\/button>\t\t\t<button id=\"next_available_day_button\" class=\"hidden_panel\"><\/button>\t\t\t<button id=\"nextButton\" class=\"next_button hidden_panel\">Next<\/button>\t\t<\/div>\t<\/div>\t<div id=\"booking-package_inputFormPanel\" class=\"hidden_panel\"><\/div><\/div>\t<div id=\"booking_package_verificationCodePanel\" class=\"hidden_panel\">\t\t<div id=\"booking_package_verificationCodeContent\">\t\t\t<span class=\"notifications\">We sent a verification code to the following address.<\/span> \t\t\t<span class=\"address\"><\/span>\t\t\t<span>Please enter a verification code.<\/span>\t\t\t<input type=\"text\" maxlength=\"6\" placeholder=\"123456\" class=\"form_text\">\t\t\t<button class=\"booking_verification_button\">Verify<\/button>\t\t<\/div>\t<\/div><\/div><\/div>\t<div id=\"bookingBlockPanel\" class=\"hidden_panel\">\t\t<div class=\"\">\t\t\t<div class=\"loader\" class=\"hidden_panel\">\t\t\t\t<svg viewBox=\"0 0 64 64\" width=\"64\" height=\"64\">\t\t\t\t\t<circle id=\"spinner\" cx=\"32\" cy=\"32\" r=\"28\" fill=\"none\"><\/circle>\t\t\t\t<\/svg>\t\t\t<\/div>\t\t<\/div>\t<\/div><!-- Load time: 0.037621974945068 --><div data-key=\"Loading_time\" data-value=\"0.037621974945068\" data-plugin-version=\"1.6.69\" style=\"display: none;\"><\/div><\/div>\n\t\t\t\t<\/div>\n\t\t\t\t<\/div>\n\t\t\t\t\t<\/div>\n\t\t\t\t<\/div>\n\t\t\t\t<section class=\"elementor-section elementor-top-section elementor-element elementor-element-26d6738d elementor-section-boxed elementor-section-height-default elementor-section-height-default\" data-id=\"26d6738d\" data-element_type=\"section\">\n\t\t\t\t\t\t<div class=\"elementor-container elementor-column-gap-default\">\n\t\t\t\t\t<div class=\"elementor-column elementor-col-100 elementor-top-column elementor-element elementor-element-572c66e5\" data-id=\"572c66e5\" data-element_type=\"column\">\n\t\t\t<div class=\"elementor-widget-wrap elementor-element-populated\">\n\t\t\t\t\t\t<div class=\"elementor-element elementor-element-2da08e51 elementor-widget__width-initial elementor-widget elementor-widget-text-editor\" data-id=\"2da08e51\" data-element_type=\"widget\" data-widget_type=\"text-editor.default\">\n\t\t\t\t<div class=\"elementor-widget-container\">\n\t\t\t\t\t\t\t<div class=\"elementor-element elementor-element-1de2e92a elementor-widget elementor-widget-text-editor\" data-id=\"1de2e92a\" data-element_type=\"widget\" data-widget_type=\"text-editor.default\"><div class=\"elementor-widget-container\"><div><div><h6>Les donn\u00e9es sont conserv\u00e9es pendant trois ans \u00e0 compter du jour o\u00f9 vous remplissez ce formulaire.<\/h6><p>\u2022 Vous pouvez acc\u00e9der aux donn\u00e9es vous concernant, les rectifier, demander leur effacement ou exercer votre droit \u00e0 la limitation du traitement de vos donn\u00e9es.\u00a0<br \/>\u2022 Vous pouvez retirer \u00e0 tout moment votre consentement au traitement de vos donn\u00e9es ;\u00a0<br \/>\u2022 Vous pouvez \u00e9galement vous opposer au traitement de vos donn\u00e9es\u00a0;\u00a0<br \/>\u2022 Vous pouvez \u00e9galement exercer votre droit \u00e0 la portabilit\u00e9 de vos donn\u00e9es.\u00a0<\/p><p>Conform\u00e9ment \u00e0 la Loi informatique et Libert\u00e9s du 06\/01\/1978, vous disposez d\u2019un droit d\u2019acc\u00e8s, de rectification et de suppression des donn\u00e9es vous concernant et d\u2019opposition \u00e0 leur traitement. <br \/>Si vous souhaitez l\u2019exercer, vous pouvez \u00e9crire \u00e0 :\u00a0<\/p><p>Op\u00e9ra de Dijon<br \/>Service communication <br \/>11 boulevard de Verdun, <br \/>21000 Dijon\u00a0<\/p><p>Consultez le site <a href=\"http:\/\/www.cnil.fr\">www.cnil.fr<\/a> pour plus d\u2019informations sur vos droits. <br \/>Si vous estimez, apr\u00e8s nous avoir contact\u00e9s, que vos droits \u00ab Informatique et Libert\u00e9s \u00bb ne sont pas respect\u00e9s, vous pouvez adresser une r\u00e9clamation \u00e0 la CNIL.<br \/>Retrouvez sur cette page <a href=\"https:\/\/opera-dijon.fr\/fr\/confidentialite\/\">notre politique de confidentialit\u00e9,<\/a> indiquant les informations li\u00e9es \u00e0 notre politique d\u2019utilisation des donn\u00e9es et des cookies dans le cadre pr\u00e9vu par la loi.<\/p><div><div><div><div><div><h6>\u00a0<\/h6><\/div><\/div><\/div><\/div><\/div><\/div><\/div><\/div><\/div>\t\t\t\t\t\t<\/div>\n\t\t\t\t<\/div>\n\t\t\t\t\t<\/div>\n\t\t<\/div>\n\t\t\t\t\t<\/div>\n\t\t<\/section>\n\t\t<div class=\"elementor-element elementor-element-9b2bc6f e-flex e-con-boxed e-con e-parent\" data-id=\"9b2bc6f\" data-element_type=\"container\">\n\t\t\t\t\t<div class=\"e-con-inner\">\n\t\t\t\t<div class=\"elementor-element elementor-element-e2179e2 elementor-widget elementor-widget-text-editor\" data-id=\"e2179e2\" data-element_type=\"widget\" data-widget_type=\"text-editor.default\">\n\t\t\t\t<div class=\"elementor-widget-container\">\n\t\t\t\t\t\t\t<h4><strong>Nos adresses<br \/><\/strong><\/h4><hr \/><h4><strong>\u00a0<\/strong><\/h4><div><div><h4><strong>Auditorium<\/strong> <br \/>11 Boulevard de Verdun, 21000 Dijon <br \/>03 80 48 82 92<\/h4><div><h4><strong>Billetterie de l&rsquo;Op\u00e9ra de Dijon<\/strong> <br \/>18 Boulevard de Verdun, 21000 Dijon <br \/>03 80 48 82 82<\/h4><\/div><\/div><\/div>\t\t\t\t\t\t<\/div>\n\t\t\t\t<\/div>\n\t\t\t\t\t<\/div>\n\t\t\t\t<\/div>\n\t\t\t\t<\/div>\n\t\t","protected":false},"excerpt":{"rendered":"<p>Murder party \u00e0 l\u2019Op\u00e9ra de Dijon P\u00e9n\u00e9trez dans le ch\u00e2teau de Barbe-Bleue,jeudi 19 d\u00e9cembre en nocturne ! Participez \u00e0 cette [&hellip;]<\/p>\n","protected":false},"author":1,"featured_media":0,"parent":0,"menu_order":0,"comment_status":"closed","ping_status":"closed","template":"elementor_canvas","meta":{"site-sidebar-layout":"default","site-content-layout":"","ast-site-content-layout":"","site-content-style":"default","site-sidebar-style":"default","ast-global-header-display":"","ast-banner-title-visibility":"","ast-main-header-display":"","ast-hfb-above-header-display":"","ast-hfb-below-header-display":"","ast-hfb-mobile-header-display":"","site-post-title":"","ast-breadcrumbs-content":"","ast-featured-img":"","footer-sml-layout":"","theme-transparent-header-meta":"","adv-header-id-meta":"","stick-header-meta":"","header-above-stick-meta":"","header-main-stick-meta":"","header-below-stick-meta":"","astra-migrate-meta-layouts":"default","ast-page-background-enabled":"default","ast-page-background-meta":{"desktop":{"background-color":"var(--ast-global-color-4)","background-image":"","background-repeat":"repeat","background-position":"center center","background-size":"auto","background-attachment":"scroll","background-type":"","background-media":"","overlay-type":"","overlay-color":"","overlay-opacity":"","overlay-gradient":""},"tablet":{"background-color":"","background-image":"","background-repeat":"repeat","background-position":"center center","background-size":"auto","background-attachment":"scroll","background-type":"","background-media":"","overlay-type":"","overlay-color":"","overlay-opacity":"","overlay-gradient":""},"mobile":{"background-color":"","background-image":"","background-repeat":"repeat","background-position":"center center","background-size":"auto","background-attachment":"scroll","background-type":"","background-media":"","overlay-type":"","overlay-color":"","overlay-opacity":"","overlay-gradient":""}},"ast-content-background-meta":{"desktop":{"background-color":"var(--ast-global-color-5)","background-image":"","background-repeat":"repeat","background-position":"center center","background-size":"auto","background-attachment":"scroll","background-type":"","background-media":"","overlay-type":"","overlay-color":"","overlay-opacity":"","overlay-gradient":""},"tablet":{"background-color":"var(--ast-global-color-5)","background-image":"","background-repeat":"repeat","background-position":"center center","background-size":"auto","background-attachment":"scroll","background-type":"","background-media":"","overlay-type":"","overlay-color":"","overlay-opacity":"","overlay-gradient":""},"mobile":{"background-color":"var(--ast-global-color-5)","background-image":"","background-repeat":"repeat","background-position":"center center","background-size":"auto","background-attachment":"scroll","background-type":"","background-media":"","overlay-type":"","overlay-color":"","overlay-opacity":"","overlay-gradient":""}},"footnotes":""},"class_list":["post-10","page","type-page","status-publish","hentry"],"_links":{"self":[{"href":"https:\/\/op-int-21.fr\/relations-publiques\/wp-json\/wp\/v2\/pages\/10","targetHints":{"allow":["GET"]}}],"collection":[{"href":"https:\/\/op-int-21.fr\/relations-publiques\/wp-json\/wp\/v2\/pages"}],"about":[{"href":"https:\/\/op-int-21.fr\/relations-publiques\/wp-json\/wp\/v2\/types\/page"}],"author":[{"embeddable":true,"href":"https:\/\/op-int-21.fr\/relations-publiques\/wp-json\/wp\/v2\/users\/1"}],"replies":[{"embeddable":true,"href":"https:\/\/op-int-21.fr\/relations-publiques\/wp-json\/wp\/v2\/comments?post=10"}],"version-history":[{"count":38,"href":"https:\/\/op-int-21.fr\/relations-publiques\/wp-json\/wp\/v2\/pages\/10\/revisions"}],"predecessor-version":[{"id":92,"href":"https:\/\/op-int-21.fr\/relations-publiques\/wp-json\/wp\/v2\/pages\/10\/revisions\/92"}],"wp:attachment":[{"href":"https:\/\/op-int-21.fr\/relations-publiques\/wp-json\/wp\/v2\/media?parent=10"}],"curies":[{"name":"wp","href":"https:\/\/api.w.org\/{rel}","templated":true}]}}